{"id":7,"date":"2024-08-21T01:18:41","date_gmt":"2024-08-21T04:18:41","guid":{"rendered":"http:\/\/wisesecurities.com.ar\/?page_id=7"},"modified":"2026-01-26T17:57:55","modified_gmt":"2026-01-26T20:57:55","slug":"inicio","status":"publish","type":"page","link":"https:\/\/wisesecurities.com.ar\/","title":{"rendered":"Inicio"},"content":{"rendered":"\t\t<div data-elementor-type=\"wp-post\" data-elementor-id=\"7\" class=\"elementor elementor-7\">\n\t\t\t\t<div class=\"elementor-element elementor-element-d025f45 e-flex e-con-boxed e-con e-parent\" data-id=\"d025f45\" data-element_type=\"container\">\n\t\t\t\t\t<div class=\"e-con-inner\">\n\t\t\t\t<div class=\"elementor-element elementor-element-60ad7ee elementor-widget elementor-widget-image\" data-id=\"60ad7ee\" data-element_type=\"widget\" data-widget_type=\"image.default\">\n\t\t\t\t<div class=\"elementor-widget-container\">\n\t\t\t\t\t\t\t\t\t\t\t\t\t\t\t<img fetchpriority=\"high\" decoding=\"async\" width=\"1317\" height=\"610\" src=\"https:\/\/wisesecurities.com.ar\/wp-content\/uploads\/2024\/08\/logo-wise-securities.png\" class=\"attachment-full size-full wp-image-12\" alt=\"\" srcset=\"https:\/\/wisesecurities.com.ar\/wp-content\/uploads\/2024\/08\/logo-wise-securities.png 1317w, https:\/\/wisesecurities.com.ar\/wp-content\/uploads\/2024\/08\/logo-wise-securities-300x139.png 300w, https:\/\/wisesecurities.com.ar\/wp-content\/uploads\/2024\/08\/logo-wise-securities-1024x474.png 1024w, https:\/\/wisesecurities.com.ar\/wp-content\/uploads\/2024\/08\/logo-wise-securities-768x356.png 768w\" sizes=\"(max-width: 1317px) 100vw, 1317px\" \/>\t\t\t\t\t\t\t\t\t\t\t\t\t\t\t<\/div>\n\t\t\t\t<\/div>\n\t\t\t\t<div class=\"elementor-element elementor-element-3b32b41 elementor-widget elementor-widget-heading\" data-id=\"3b32b41\" data-element_type=\"widget\" data-widget_type=\"heading.default\">\n\t\t\t\t<div class=\"elementor-widget-container\">\n\t\t\t\t\t<h2 class=\"elementor-heading-title elementor-size-default\">Qui\u00e9nes somos<\/h2>\t\t\t\t<\/div>\n\t\t\t\t<\/div>\n\t\t\t\t<div class=\"elementor-element elementor-element-a1fb635 elementor-widget elementor-widget-heading\" data-id=\"a1fb635\" data-element_type=\"widget\" data-widget_type=\"heading.default\">\n\t\t\t\t<div class=\"elementor-widget-container\">\n\t\t\t\t\t<div class=\"elementor-heading-title elementor-size-default\">Agente de Liquidaci\u00f3n y Compensaci\u00f3n - Integral (ALyC Integral) N\u00b0 2368 de la CNV<\/div>\t\t\t\t<\/div>\n\t\t\t\t<\/div>\n\t\t\t\t<div class=\"elementor-element elementor-element-6825ec4 elementor-widget elementor-widget-heading\" data-id=\"6825ec4\" data-element_type=\"widget\" data-widget_type=\"heading.default\">\n\t\t\t\t<div class=\"elementor-widget-container\">\n\t\t\t\t\t<h2 class=\"elementor-heading-title elementor-size-default\">Aranceles y comisiones<\/h2>\t\t\t\t<\/div>\n\t\t\t\t<\/div>\n\t\t\t\t<div class=\"elementor-element elementor-element-dbc9f2f elementor-widget elementor-widget-heading\" data-id=\"dbc9f2f\" data-element_type=\"widget\" data-widget_type=\"heading.default\">\n\t\t\t\t<div class=\"elementor-widget-container\">\n\t\t\t\t\t<div class=\"elementor-heading-title elementor-size-default\"><a href=\"http:\/\/wisesecurities.com.ar\/wp-content\/uploads\/2026\/01\/Tabla-de-Aranceles-\u2013-Wise-Securities.pdf\" target=\"_blank\">Acceda desde el siguiente Link<\/a><\/div>\t\t\t\t<\/div>\n\t\t\t\t<\/div>\n\t\t\t\t<div class=\"elementor-element elementor-element-7066367 elementor-widget elementor-widget-heading\" data-id=\"7066367\" data-element_type=\"widget\" data-widget_type=\"heading.default\">\n\t\t\t\t<div class=\"elementor-widget-container\">\n\t\t\t\t\t<h2 class=\"elementor-heading-title elementor-size-default\">Personal id\u00f3neo<\/h2>\t\t\t\t<\/div>\n\t\t\t\t<\/div>\n\t\t\t\t<div class=\"elementor-element elementor-element-893390d elementor-widget elementor-widget-heading\" data-id=\"893390d\" data-element_type=\"widget\" data-widget_type=\"heading.default\">\n\t\t\t\t<div class=\"elementor-widget-container\">\n\t\t\t\t\t<div class=\"elementor-heading-title elementor-size-default\">Morales, Ignacio<\/div>\t\t\t\t<\/div>\n\t\t\t\t<\/div>\n\t\t\t\t<div class=\"elementor-element elementor-element-8a30480 elementor-widget elementor-widget-heading\" data-id=\"8a30480\" data-element_type=\"widget\" data-widget_type=\"heading.default\">\n\t\t\t\t<div class=\"elementor-widget-container\">\n\t\t\t\t\t<div class=\"elementor-heading-title elementor-size-default\">Albanez, Mauro Luciano <\/div>\t\t\t\t<\/div>\n\t\t\t\t<\/div>\n\t\t\t\t\t<\/div>\n\t\t\t\t<\/div>\n\t\t<div class=\"elementor-element elementor-element-734fe43 e-flex e-con-boxed e-con e-parent\" data-id=\"734fe43\" data-element_type=\"container\" data-settings=\"{&quot;background_background&quot;:&quot;classic&quot;}\">\n\t\t\t\t\t<div class=\"e-con-inner\">\n\t\t\t\t<div class=\"elementor-element elementor-element-f5d6c68 elementor-widget elementor-widget-heading\" data-id=\"f5d6c68\" data-element_type=\"widget\" data-widget_type=\"heading.default\">\n\t\t\t\t<div class=\"elementor-widget-container\">\n\t\t\t\t\t<h2 class=\"elementor-heading-title elementor-size-default\">Ubicaci\u00f3n<\/h2>\t\t\t\t<\/div>\n\t\t\t\t<\/div>\n\t\t\t\t<div class=\"elementor-element elementor-element-21ba6cd elementor-widget elementor-widget-heading\" data-id=\"21ba6cd\" data-element_type=\"widget\" data-widget_type=\"heading.default\">\n\t\t\t\t<div class=\"elementor-widget-container\">\n\t\t\t\t\t<div class=\"elementor-heading-title elementor-size-default\">Complejo Pueblo Caama\u00f1o<br>\nEdificio Icono Sur<br>\nCaama\u00f1o 662, Oficina 107, 1\u00b0 Piso (B1631)<br>\nPilar, Buenos Aires\n<br><br>\n<b>Medios de contacto: <\/b><br>\nPor consultas, dudas o sugerencias pod\u00e9s contactarnos a: <br>imorales@wisesecurities.com.ar<\/div>\t\t\t\t<\/div>\n\t\t\t\t<\/div>\n\t\t\t\t\t<\/div>\n\t\t\t\t<\/div>\n\t\t\t\t<\/div>\n\t\t","protected":false},"excerpt":{"rendered":"<p>Qui\u00e9nes somos Agente de Liquidaci\u00f3n y Compensaci\u00f3n &#8211; Integral (ALyC Integral) N\u00b0 2368 de la CNV Aranceles y comisiones Acceda desde el siguiente Link Personal id\u00f3neo Morales, Ignacio Albanez, Mauro Luciano Ubicaci\u00f3n Complejo Pueblo Caama\u00f1o Edificio Icono Sur Caama\u00f1o 662, Oficina 107, 1\u00b0 Piso (B1631) Pilar, Buenos Aires Medios de contacto: Por consultas, dudas o [&hellip;]<\/p>\n","protected":false},"author":2,"featured_media":0,"parent":0,"menu_order":0,"comment_status":"closed","ping_status":"closed","template":"elementor_canvas","meta":{"footnotes":""},"class_list":["post-7","page","type-page","status-publish","hentry"],"_links":{"self":[{"href":"https:\/\/wisesecurities.com.ar\/index.php?rest_route=\/wp\/v2\/pages\/7","targetHints":{"allow":["GET"]}}],"collection":[{"href":"https:\/\/wisesecurities.com.ar\/index.php?rest_route=\/wp\/v2\/pages"}],"about":[{"href":"https:\/\/wisesecurities.com.ar\/index.php?rest_route=\/wp\/v2\/types\/page"}],"author":[{"embeddable":true,"href":"https:\/\/wisesecurities.com.ar\/index.php?rest_route=\/wp\/v2\/users\/2"}],"replies":[{"embeddable":true,"href":"https:\/\/wisesecurities.com.ar\/index.php?rest_route=%2Fwp%2Fv2%2Fcomments&post=7"}],"version-history":[{"count":46,"href":"https:\/\/wisesecurities.com.ar\/index.php?rest_route=\/wp\/v2\/pages\/7\/revisions"}],"predecessor-version":[{"id":70,"href":"https:\/\/wisesecurities.com.ar\/index.php?rest_route=\/wp\/v2\/pages\/7\/revisions\/70"}],"wp:attachment":[{"href":"https:\/\/wisesecurities.com.ar\/index.php?rest_route=%2Fwp%2Fv2%2Fmedia&parent=7"}],"curies":[{"name":"wp","href":"https:\/\/api.w.org\/{rel}","templated":true}]}}